{"id":52,"date":"2021-08-04T09:19:04","date_gmt":"2021-08-04T09:19:04","guid":{"rendered":"https:\/\/neu.ziil.ch\/?page_id=52"},"modified":"2023-09-19T14:58:49","modified_gmt":"2023-09-19T14:58:49","slug":"hardware","status":"publish","type":"page","link":"https:\/\/ziil.ch\/?page_id=52","title":{"rendered":"Hardware"},"content":{"rendered":"<div data-colibri-id=\"52-c1\" class=\"style-418 style-local-52-c1 position-relative\">\n  <!---->\n  <div data-colibri-component=\"section\" data-colibri-id=\"52-c2\" id=\"custom\" class=\"h-section h-section-global-spacing d-flex align-items-lg-center align-items-md-center align-items-center style-419 style-local-52-c2 position-relative\">\n    <!---->\n    <!---->\n    <div class=\"h-section-grid-container h-section-boxed-container\">\n      <!---->\n      <div data-colibri-id=\"52-c3\" class=\"h-row-container gutters-row-lg-2 gutters-row-md-2 gutters-row-0 gutters-row-v-lg-2 gutters-row-v-md-2 gutters-row-v-2 style-423 style-local-52-c3 position-relative\">\n        <!---->\n        <div class=\"h-row justify-content-lg-center justify-content-md-center justify-content-center align-items-lg-stretch align-items-md-stretch align-items-stretch gutters-col-lg-2 gutters-col-md-2 gutters-col-0 gutters-col-v-lg-2 gutters-col-v-md-2 gutters-col-v-2\">\n          <!---->\n          <div class=\"h-column h-column-container d-flex h-col-lg-auto h-col-md-auto h-col-auto style-424-outer style-local-52-c4-outer\">\n            <div data-colibri-id=\"52-c4\" class=\"d-flex h-flex-basis h-column__inner h-px-lg-2 h-px-md-2 h-px-2 v-inner-lg-2 v-inner-md-2 v-inner-2 style-424 style-local-52-c4 position-relative\">\n              <!---->\n              <!---->\n              <div class=\"w-100 h-y-container h-column__content h-column__v-align flex-basis-100 align-self-lg-start align-self-md-start align-self-start\">\n                <!---->\n                <div data-colibri-id=\"52-c5\" class=\"h-text h-text-component style-425 style-local-52-c5 position-relative h-element\">\n                  <!---->\n                  <!---->\n                  <div class=\"\">\n                    <p>m Vergleich zum Hardware-Kauf im Laden (sogenanntes &#8222;Box Moving&#8220;, verschieben einer Schachtel vom Grossdistributor zu Ihnen), sind wir ein sogenannter <strong>VAR, &#8222;Value Added Reseller&#8220;<\/strong>. Das bedeutet, wir erbringen meist\n                      kostenlose Zusatzleistungen. Wir kennen das was in der Schachtel ist und k\u00f6nnen das einrichten, w\u00e4hrend \u00fcbliche Reseller Schachteln bewegen ohne Kenntnisse \u00fcber den Inhalt. Mal ein Notebook und als n\u00e4chstes wieder eine Kaffeemaschine.\n                      <span style=\"color: rgb(128, 0, 0);\">Wir sind Fachh\u00e4ndler<\/span>. Sorgen daf\u00fcr dass Ihr Produkt auch den gew\u00fcnschten Nutzen erbringt, lassen Sie nicht mit einer gelieferten Schachtel alleine. Wir beraten eingehend bei der Auswahl\n                      der Hardware<\/p>\n                  <\/div>\n                <\/div>\n              <\/div>\n            <\/div>\n          <\/div>\n        <\/div>\n      <\/div>\n      <div data-colibri-id=\"52-c6\" class=\"h-row-container gutters-row-lg-2 gutters-row-md-2 gutters-row-0 gutters-row-v-lg-2 gutters-row-v-md-2 gutters-row-v-2 style-420 style-local-52-c6 position-relative\">\n        <!---->\n        <div class=\"h-row justify-content-lg-center justify-content-md-center justify-content-center align-items-lg-stretch align-items-md-stretch align-items-stretch gutters-col-lg-2 gutters-col-md-2 gutters-col-0 gutters-col-v-lg-2 gutters-col-v-md-2 gutters-col-v-2\">\n          <!---->\n          <div class=\"h-column h-column-container d-flex h-col-lg-auto h-col-md-auto h-col-auto style-421-outer style-local-52-c7-outer\">\n            <div data-colibri-id=\"52-c7\" class=\"d-flex h-flex-basis h-column__inner h-px-lg-2 h-px-md-2 h-px-2 v-inner-lg-2 v-inner-md-2 v-inner-2 style-421 style-local-52-c7 position-relative\">\n              <!---->\n              <!---->\n              <div class=\"w-100 h-y-container h-column__content h-column__v-align flex-basis-100 align-self-lg-start align-self-md-start align-self-start\">\n                <!---->\n                <div data-colibri-id=\"52-c8\" class=\"icon-list d-flex justify-content-lg-start justify-content-md-start justify-content-start style-426 style-local-52-c8 position-relative h-element\">\n                  <!---->\n                  <ul class=\"ul-list-icon vertical-on-desktop vertical-on-tablet vertical-on-mobile justify-content-lg-start justify-content-md-start justify-content-start\">\n                    <!---->\n                    <li class=\"list-item no-gutters\">\n                      <!---->\n                      <div class=\"list-container-divider d-flex justify-content-lg-start justify-content-md-start justify-content-start first-el-spacer\"><\/div> <span class=\"item-link no-gutters\"><div class=\"d-flex h-col no-gutters align-items-lg-center align-items-md-center align-items-center list-item-text-wrapper\"><div class=\"d-flex\"><span  class=\"h-svg-icon style-426-icon style-local-52-c8-icon\"><!--Icon by Font Awesome (https:\/\/fontawesome.com)-->\n    <svg version=\"1.1\" xmlns=\"http:\/\/www.w3.org\/2000\/svg\" xmlns:xlink=\"http:\/\/www.w3.org\/1999\/xlink\" id=\"archive\" viewBox=\"0 0 1792 1896.0833\">\n      <path d=\"M1088 832q0-26-19-45t-45-19H768q-26 0-45 19t-19 45 19 45 45 19h256q26 0 45-19t19-45zm576-192v960q0 26-19 45t-45 19H192q-26 0-45-19t-19-45V640q0-26 19-45t45-19h1408q26 0 45 19t19 45zm64-448v256q0 26-19 45t-45 19H128q-26 0-45-19t-19-45V192q0-26 19-45t45-19h1536q26 0 45 19t19 45z\"><\/path>\n    <\/svg><\/span><\/div> <span class=\"list-text d-block\"><span>Wir sind vom Lagerbestand unabh\u00e4ngig<\/span><\/span>\n              <\/div>\n              <\/span>\n              <div class=\"list-container-divider d-flex justify-content-lg-start justify-content-md-start justify-content-start\">\n                <!---->\n              <\/div>\n              <\/li>\n              <li class=\"list-item no-gutters\">\n                <!---->\n                <!----><span class=\"item-link no-gutters\"><div class=\"d-flex h-col no-gutters align-items-lg-center align-items-md-center align-items-center list-item-text-wrapper\"><div class=\"d-flex\"><span  class=\"h-svg-icon style-426-icon style-local-52-c8-icon\"><!--Icon by Font Awesome (https:\/\/fontawesome.com)-->\n    <svg version=\"1.1\" xmlns=\"http:\/\/www.w3.org\/2000\/svg\" xmlns:xlink=\"http:\/\/www.w3.org\/1999\/xlink\" id=\"archive\" viewBox=\"0 0 1792 1896.0833\">\n      <path d=\"M1088 832q0-26-19-45t-45-19H768q-26 0-45 19t-19 45 19 45 45 19h256q26 0 45-19t19-45zm576-192v960q0 26-19 45t-45 19H192q-26 0-45-19t-19-45V640q0-26 19-45t45-19h1408q26 0 45 19t19 45zm64-448v256q0 26-19 45t-45 19H128q-26 0-45-19t-19-45V192q0-26 19-45t45-19h1536q26 0 45 19t19 45z\"><\/path>\n    <\/svg><\/span><\/div> <span class=\"list-text d-block\"><span>Wir empfehlen Nachfolgemodelle und Alternativprodukte<\/span><\/span>\n          <\/div>\n          <\/span>\n          <div class=\"list-container-divider d-flex justify-content-lg-start justify-content-md-start justify-content-start\">\n            <!---->\n          <\/div>\n          <\/li>\n          <li class=\"list-item no-gutters\">\n            <!---->\n            <!----><span class=\"item-link no-gutters\"><div class=\"d-flex h-col no-gutters align-items-lg-center align-items-md-center align-items-center list-item-text-wrapper\"><div class=\"d-flex\"><span  class=\"h-svg-icon style-426-icon style-local-52-c8-icon\"><!--Icon by Font Awesome (https:\/\/fontawesome.com)-->\n    <svg version=\"1.1\" xmlns=\"http:\/\/www.w3.org\/2000\/svg\" xmlns:xlink=\"http:\/\/www.w3.org\/1999\/xlink\" id=\"archive\" viewBox=\"0 0 1792 1896.0833\">\n      <path d=\"M1088 832q0-26-19-45t-45-19H768q-26 0-45 19t-19 45 19 45 45 19h256q26 0 45-19t19-45zm576-192v960q0 26-19 45t-45 19H192q-26 0-45-19t-19-45V640q0-26 19-45t45-19h1408q26 0 45 19t19 45zm64-448v256q0 26-19 45t-45 19H128q-26 0-45-19t-19-45V192q0-26 19-45t45-19h1536q26 0 45 19t19 45z\"><\/path>\n    <\/svg><\/span><\/div> <span class=\"list-text d-block\"><span>Wir k\u00f6nnen meist innert 2 Arbeitstagen liefern<\/span><\/span>\n      <\/div>\n      <\/span>\n      <div class=\"list-container-divider d-flex justify-content-lg-start justify-content-md-start justify-content-start\">\n        <!---->\n      <\/div>\n      <\/li>\n      <li class=\"list-item no-gutters\">\n        <!---->\n        <!----><span class=\"item-link no-gutters\"><div class=\"d-flex h-col no-gutters align-items-lg-center align-items-md-center align-items-center list-item-text-wrapper\"><div class=\"d-flex\"><span  class=\"h-svg-icon style-426-icon style-local-52-c8-icon\"><!--Icon by Font Awesome (https:\/\/fontawesome.com)-->\n    <svg version=\"1.1\" xmlns=\"http:\/\/www.w3.org\/2000\/svg\" xmlns:xlink=\"http:\/\/www.w3.org\/1999\/xlink\" id=\"archive\" viewBox=\"0 0 1792 1896.0833\">\n      <path d=\"M1088 832q0-26-19-45t-45-19H768q-26 0-45 19t-19 45 19 45 45 19h256q26 0 45-19t19-45zm576-192v960q0 26-19 45t-45 19H192q-26 0-45-19t-19-45V640q0-26 19-45t45-19h1408q26 0 45 19t19 45zm64-448v256q0 26-19 45t-45 19H128q-26 0-45-19t-19-45V192q0-26 19-45t45-19h1536q26 0 45 19t19 45z\"><\/path>\n    <\/svg><\/span><\/div> <span class=\"list-text d-block\"><span>Wir f\u00fchren Garantieaustausch f\u00fcr Sie durch und veranlassen Reparaturen<\/span><\/span>\n  <\/div>\n  <\/span>\n  <div class=\"list-container-divider d-flex justify-content-lg-start justify-content-md-start justify-content-start\">\n    <!---->\n  <\/div>\n  <\/li>\n  <li class=\"list-item no-gutters\">\n    <!---->\n    <!----><span class=\"item-link no-gutters\"><div class=\"d-flex h-col no-gutters align-items-lg-center align-items-md-center align-items-center list-item-text-wrapper\"><div class=\"d-flex\"><span  class=\"h-svg-icon style-426-icon style-local-52-c8-icon\"><!--Icon by Font Awesome (https:\/\/fontawesome.com)-->\n    <svg version=\"1.1\" xmlns=\"http:\/\/www.w3.org\/2000\/svg\" xmlns:xlink=\"http:\/\/www.w3.org\/1999\/xlink\" id=\"archive\" viewBox=\"0 0 1792 1896.0833\">\n      <path d=\"M1088 832q0-26-19-45t-45-19H768q-26 0-45 19t-19 45 19 45 45 19h256q26 0 45-19t19-45zm576-192v960q0 26-19 45t-45 19H192q-26 0-45-19t-19-45V640q0-26 19-45t45-19h1408q26 0 45 19t19 45zm64-448v256q0 26-19 45t-45 19H128q-26 0-45-19t-19-45V192q0-26 19-45t45-19h1536q26 0 45 19t19 45z\"><\/path>\n    <\/svg><\/span><\/div> <span class=\"list-text d-block\"><span>Wir zeigen Ihnen, was Sie aus den gekauften Ger\u00e4ten herausholen k\u00f6nnen<\/span><\/span>\n<\/div>\n<\/span>\n<div class=\"list-container-divider d-flex justify-content-lg-start justify-content-md-start justify-content-start\" style=\"display: none;\">\n  <!---->\n<\/div>\n<div class=\"list-container-divider d-flex justify-content-lg-start justify-content-md-start justify-content-start last-el-spacer\"><\/div>\n<\/li>\n<\/ul>\n<\/div>\n<\/div>\n<\/div>\n<\/div>\n<div class=\"h-column h-column-container d-flex h-col-lg-auto h-col-md-auto h-col-auto style-422-outer style-local-52-c9-outer\">\n  <div data-colibri-id=\"52-c9\" class=\"d-flex h-flex-basis h-column__inner h-px-lg-2 h-px-md-2 h-px-2 v-inner-lg-2 v-inner-md-2 v-inner-2 style-422 style-local-52-c9 position-relative\">\n    <!---->\n    <!---->\n    <div class=\"w-100 h-y-container h-column__content h-column__v-align flex-basis-100 align-self-lg-start align-self-md-start align-self-start\">\n      <!---->\n      <div data-colibri-id=\"52-c10\" class=\"icon-list d-flex justify-content-lg-start justify-content-md-start justify-content-start style-427 style-local-52-c10 position-relative h-element\">\n        <!---->\n        <ul class=\"ul-list-icon vertical-on-desktop vertical-on-tablet vertical-on-mobile justify-content-lg-start justify-content-md-start justify-content-start\">\n          <!---->\n          <li class=\"list-item no-gutters\">\n            <!---->\n            <div class=\"list-container-divider d-flex justify-content-lg-start justify-content-md-start justify-content-start first-el-spacer\"><\/div> <span class=\"item-link no-gutters\"><div class=\"d-flex h-col no-gutters align-items-lg-center align-items-md-center align-items-center list-item-text-wrapper\"><div class=\"d-flex\"><span  class=\"h-svg-icon style-427-icon style-local-52-c10-icon\"><!--Icon by Font Awesome (https:\/\/fontawesome.com)-->\n    <svg version=\"1.1\" xmlns=\"http:\/\/www.w3.org\/2000\/svg\" xmlns:xlink=\"http:\/\/www.w3.org\/1999\/xlink\" id=\"archive\" viewBox=\"0 0 1792 1896.0833\">\n      <path d=\"M1088 832q0-26-19-45t-45-19H768q-26 0-45 19t-19 45 19 45 45 19h256q26 0 45-19t19-45zm576-192v960q0 26-19 45t-45 19H192q-26 0-45-19t-19-45V640q0-26 19-45t45-19h1408q26 0 45 19t19 45zm64-448v256q0 26-19 45t-45 19H128q-26 0-45-19t-19-45V192q0-26 19-45t45-19h1536q26 0 45 19t19 45z\"><\/path>\n    <\/svg><\/span><\/div> <span class=\"list-text d-block\"><span>Oft bekommen Sie Hardware mit veralteter integrierter Software. Wir machen Firmwareupgrades bevor wir ausliefern<\/span><\/span>\n    <\/div>\n    <\/span>\n    <div class=\"list-container-divider d-flex justify-content-lg-start justify-content-md-start justify-content-start\">\n      <!---->\n    <\/div>\n    <\/li>\n    <li class=\"list-item no-gutters\">\n      <!---->\n      <!----><span class=\"item-link no-gutters\"><div class=\"d-flex h-col no-gutters align-items-lg-center align-items-md-center align-items-center list-item-text-wrapper\"><div class=\"d-flex\"><span  class=\"h-svg-icon style-427-icon style-local-52-c10-icon\"><!--Icon by Font Awesome (https:\/\/fontawesome.com)-->\n    <svg version=\"1.1\" xmlns=\"http:\/\/www.w3.org\/2000\/svg\" xmlns:xlink=\"http:\/\/www.w3.org\/1999\/xlink\" id=\"archive\" viewBox=\"0 0 1792 1896.0833\">\n      <path d=\"M1088 832q0-26-19-45t-45-19H768q-26 0-45 19t-19 45 19 45 45 19h256q26 0 45-19t19-45zm576-192v960q0 26-19 45t-45 19H192q-26 0-45-19t-19-45V640q0-26 19-45t45-19h1408q26 0 45 19t19 45zm64-448v256q0 26-19 45t-45 19H128q-26 0-45-19t-19-45V192q0-26 19-45t45-19h1536q26 0 45 19t19 45z\"><\/path>\n    <\/svg><\/span><\/div> <span class=\"list-text d-block\"><span>Wir registrieren die Ger\u00e4te f\u00fcr Sie beim Hersteller und verwalten Ihre Seriennummern<\/span><\/span>\n<\/div>\n<\/span>\n<div class=\"list-container-divider d-flex justify-content-lg-start justify-content-md-start justify-content-start\">\n  <!---->\n<\/div>\n<\/li>\n<li class=\"list-item no-gutters\">\n  <!---->\n  <!----><span class=\"item-link no-gutters\"><div class=\"d-flex h-col no-gutters align-items-lg-center align-items-md-center align-items-center list-item-text-wrapper\"><div class=\"d-flex\"><span  class=\"h-svg-icon style-427-icon style-local-52-c10-icon\"><!--Icon by Font Awesome (https:\/\/fontawesome.com)-->\n    <svg version=\"1.1\" xmlns=\"http:\/\/www.w3.org\/2000\/svg\" xmlns:xlink=\"http:\/\/www.w3.org\/1999\/xlink\" id=\"archive\" viewBox=\"0 0 1792 1896.0833\">\n      <path d=\"M1088 832q0-26-19-45t-45-19H768q-26 0-45 19t-19 45 19 45 45 19h256q26 0 45-19t19-45zm576-192v960q0 26-19 45t-45 19H192q-26 0-45-19t-19-45V640q0-26 19-45t45-19h1408q26 0 45 19t19 45zm64-448v256q0 26-19 45t-45 19H128q-26 0-45-19t-19-45V192q0-26 19-45t45-19h1536q26 0 45 19t19 45z\"><\/path>\n    <\/svg><\/span><\/div> <span class=\"list-text d-block\"><span>Wir pr\u00fcfen ob Ger\u00e4te geeignet sind und stellen Funktion und Vollst\u00e4ndigkeit sicher<\/span><\/span>\n  <\/div>\n  <\/span>\n  <div class=\"list-container-divider d-flex justify-content-lg-start justify-content-md-start justify-content-start\">\n    <!---->\n  <\/div>\n<\/li>\n<li class=\"list-item no-gutters\">\n  <!---->\n  <!----><span class=\"item-link no-gutters\"><div class=\"d-flex h-col no-gutters align-items-lg-center align-items-md-center align-items-center list-item-text-wrapper\"><div class=\"d-flex\"><span  class=\"h-svg-icon style-427-icon style-local-52-c10-icon\"><!--Icon by Font Awesome (https:\/\/fontawesome.com)-->\n    <svg version=\"1.1\" xmlns=\"http:\/\/www.w3.org\/2000\/svg\" xmlns:xlink=\"http:\/\/www.w3.org\/1999\/xlink\" id=\"archive\" viewBox=\"0 0 1792 1896.0833\">\n      <path d=\"M1088 832q0-26-19-45t-45-19H768q-26 0-45 19t-19 45 19 45 45 19h256q26 0 45-19t19-45zm576-192v960q0 26-19 45t-45 19H192q-26 0-45-19t-19-45V640q0-26 19-45t45-19h1408q26 0 45 19t19 45zm64-448v256q0 26-19 45t-45 19H128q-26 0-45-19t-19-45V192q0-26 19-45t45-19h1536q26 0 45 19t19 45z\"><\/path>\n    <\/svg><\/span><\/div> <span class=\"list-text d-block\"><span>Wir sind von Herstellern unabh\u00e4ngig, k\u00f6nnen Ihnen also das geeignetste Produkt anbieten<\/span><\/span>\n  <\/div>\n  <\/span>\n  <div class=\"list-container-divider d-flex justify-content-lg-start justify-content-md-start justify-content-start\" style=\"display: none;\">\n    <!---->\n  <\/div>\n  <div class=\"list-container-divider d-flex justify-content-lg-start justify-content-md-start justify-content-start last-el-spacer\"><\/div>\n<\/li>\n<\/ul>\n<\/div>\n<\/div>\n<\/div>\n<\/div>\n<\/div>\n<\/div>\n<div data-colibri-id=\"52-c11\" class=\"h-row-container gutters-row-lg-2 gutters-row-md-2 gutters-row-0 gutters-row-v-lg-2 gutters-row-v-md-2 gutters-row-v-2 style-656 style-local-52-c11 position-relative\">\n  <!---->\n  <div class=\"h-row justify-content-lg-center justify-content-md-center justify-content-center align-items-lg-stretch align-items-md-stretch align-items-stretch gutters-col-lg-2 gutters-col-md-2 gutters-col-0 gutters-col-v-lg-2 gutters-col-v-md-2 gutters-col-v-2\">\n    <!---->\n    <div class=\"h-column h-column-container d-flex h-col-lg-auto h-col-md-auto h-col-auto style-657-outer style-local-52-c12-outer\">\n      <div data-colibri-id=\"52-c12\" class=\"d-flex h-flex-basis h-column__inner h-px-lg-2 h-px-md-2 h-px-2 v-inner-lg-2 v-inner-md-2 v-inner-2 style-657 style-local-52-c12 position-relative\">\n        <!---->\n        <!---->\n        <div class=\"w-100 h-y-container h-column__content h-column__v-align flex-basis-100 align-self-lg-start align-self-md-start align-self-start\">\n          <!---->\n          <div data-colibri-id=\"52-c13\" class=\"h-x-container style-658 style-local-52-c13 position-relative h-element\">\n            <!---->\n            <div class=\"h-x-container-inner style-dynamic-52-c13-group style-658-spacing style-local-52-c13-spacing\"><span class=\"h-button__outer style-659-outer style-local-52-c14-outer d-inline-flex h-element\"><a h-use-smooth-scroll=\"true\" href=\"https:\/\/ziil.ch\/?page_id=55\"  data-colibri-id=\"52-c14\" class=\"d-flex w-100 align-items-center h-button justify-content-lg-center justify-content-md-center justify-content-center style-659 style-local-52-c14 position-relative\"><!----><!----> <span>Kontakt <\/span><\/a>\n              <\/span>\n            <\/div>\n          <\/div>\n        <\/div>\n      <\/div>\n    <\/div>\n  <\/div>\n<\/div>\n<\/div>\n<\/div>\n<\/div>","protected":false},"excerpt":{"rendered":"<p>m Vergleich zum Hardware-Kauf im Laden (sogenanntes &#8222;Box Moving&#8220;, verschieben einer Schachtel vom Grossdistributor zu Ihnen), sind wir ein sogenannter VAR, &#8222;Value Added Reseller&#8220;. Das bedeutet, wir erbringen meist kostenlose Zusatzleistungen. Wir kennen das was in der Schachtel ist und k\u00f6nnen das einrichten, w\u00e4hrend \u00fcbliche Reseller Schachteln bewegen ohne Kenntnisse \u00fcber den Inhalt. Mal ein [&hellip;]<\/p>\n","protected":false},"author":1,"featured_media":0,"parent":0,"menu_order":0,"comment_status":"closed","ping_status":"closed","template":"page-templates\/full-width-page.php","meta":{"footnotes":""},"class_list":["post-52","page","type-page","status-publish","hentry"],"yoast_head":"<!-- This site is optimized with the Yoast SEO plugin v25.0 - https:\/\/yoast.com\/wordpress\/plugins\/seo\/ -->\n<title>Hardware - Ziil Informatikl\u00f6sungen GmbH<\/title>\n<meta name=\"robots\" content=\"index, follow, max-snippet:-1, max-image-preview:large, max-video-preview:-1\" \/>\n<link rel=\"canonical\" href=\"https:\/\/ziil.ch\/?page_id=52\" \/>\n<meta property=\"og:locale\" content=\"de_DE\" \/>\n<meta property=\"og:type\" content=\"article\" \/>\n<meta property=\"og:title\" content=\"Hardware - Ziil Informatikl\u00f6sungen GmbH\" \/>\n<meta property=\"og:description\" content=\"m Vergleich zum Hardware-Kauf im Laden (sogenanntes &#8222;Box Moving&#8220;, verschieben einer Schachtel vom Grossdistributor zu Ihnen), sind wir ein sogenannter VAR, &#8222;Value Added Reseller&#8220;. Das bedeutet, wir erbringen meist kostenlose Zusatzleistungen. Wir kennen das was in der Schachtel ist und k\u00f6nnen das einrichten, w\u00e4hrend \u00fcbliche Reseller Schachteln bewegen ohne Kenntnisse \u00fcber den Inhalt. Mal ein [&hellip;]\" \/>\n<meta property=\"og:url\" content=\"https:\/\/ziil.ch\/?page_id=52\" \/>\n<meta property=\"og:site_name\" content=\"Ziil Informatikl\u00f6sungen GmbH\" \/>\n<meta property=\"article:modified_time\" content=\"2023-09-19T14:58:49+00:00\" \/>\n<meta name=\"twitter:card\" content=\"summary_large_image\" \/>\n<meta name=\"twitter:label1\" content=\"Gesch\u00e4tzte Lesezeit\" \/>\n\t<meta name=\"twitter:data1\" content=\"1\u00a0Minute\" \/>\n<script type=\"application\/ld+json\" class=\"yoast-schema-graph\">{\"@context\":\"https:\/\/schema.org\",\"@graph\":[{\"@type\":\"WebPage\",\"@id\":\"https:\/\/ziil.ch\/?page_id=52\",\"url\":\"https:\/\/ziil.ch\/?page_id=52\",\"name\":\"Hardware - Ziil Informatikl\u00f6sungen GmbH\",\"isPartOf\":{\"@id\":\"https:\/\/ziil.ch\/#website\"},\"datePublished\":\"2021-08-04T09:19:04+00:00\",\"dateModified\":\"2023-09-19T14:58:49+00:00\",\"breadcrumb\":{\"@id\":\"https:\/\/ziil.ch\/?page_id=52#breadcrumb\"},\"inLanguage\":\"de\",\"potentialAction\":[{\"@type\":\"ReadAction\",\"target\":[\"https:\/\/ziil.ch\/?page_id=52\"]}]},{\"@type\":\"BreadcrumbList\",\"@id\":\"https:\/\/ziil.ch\/?page_id=52#breadcrumb\",\"itemListElement\":[{\"@type\":\"ListItem\",\"position\":1,\"name\":\"Startseite\",\"item\":\"https:\/\/ziil.ch\/\"},{\"@type\":\"ListItem\",\"position\":2,\"name\":\"Hardware\"}]},{\"@type\":\"WebSite\",\"@id\":\"https:\/\/ziil.ch\/#website\",\"url\":\"https:\/\/ziil.ch\/\",\"name\":\"Ziil Informatikl\u00f6sungen GmbH\",\"description\":\"Ziil Informatikl\u00f6sungen GmbH\",\"publisher\":{\"@id\":\"https:\/\/ziil.ch\/#organization\"},\"potentialAction\":[{\"@type\":\"SearchAction\",\"target\":{\"@type\":\"EntryPoint\",\"urlTemplate\":\"https:\/\/ziil.ch\/?s={search_term_string}\"},\"query-input\":{\"@type\":\"PropertyValueSpecification\",\"valueRequired\":true,\"valueName\":\"search_term_string\"}}],\"inLanguage\":\"de\"},{\"@type\":\"Organization\",\"@id\":\"https:\/\/ziil.ch\/#organization\",\"name\":\"Ziil Informatikl\u00f6sungen GmbH\",\"url\":\"https:\/\/ziil.ch\/\",\"logo\":{\"@type\":\"ImageObject\",\"inLanguage\":\"de\",\"@id\":\"https:\/\/ziil.ch\/#\/schema\/logo\/image\/\",\"url\":\"https:\/\/ziil.ch\/wp-content\/uploads\/2022\/12\/logo_ziil.png\",\"contentUrl\":\"https:\/\/ziil.ch\/wp-content\/uploads\/2022\/12\/logo_ziil.png\",\"width\":260,\"height\":75,\"caption\":\"Ziil Informatikl\u00f6sungen GmbH\"},\"image\":{\"@id\":\"https:\/\/ziil.ch\/#\/schema\/logo\/image\/\"}}]}<\/script>\n<!-- \/ Yoast SEO plugin. -->","yoast_head_json":{"title":"Hardware - Ziil Informatikl\u00f6sungen GmbH","robots":{"index":"index","follow":"follow","max-snippet":"max-snippet:-1","max-image-preview":"max-image-preview:large","max-video-preview":"max-video-preview:-1"},"canonical":"https:\/\/ziil.ch\/?page_id=52","og_locale":"de_DE","og_type":"article","og_title":"Hardware - Ziil Informatikl\u00f6sungen GmbH","og_description":"m Vergleich zum Hardware-Kauf im Laden (sogenanntes &#8222;Box Moving&#8220;, verschieben einer Schachtel vom Grossdistributor zu Ihnen), sind wir ein sogenannter VAR, &#8222;Value Added Reseller&#8220;. Das bedeutet, wir erbringen meist kostenlose Zusatzleistungen. Wir kennen das was in der Schachtel ist und k\u00f6nnen das einrichten, w\u00e4hrend \u00fcbliche Reseller Schachteln bewegen ohne Kenntnisse \u00fcber den Inhalt. Mal ein [&hellip;]","og_url":"https:\/\/ziil.ch\/?page_id=52","og_site_name":"Ziil Informatikl\u00f6sungen GmbH","article_modified_time":"2023-09-19T14:58:49+00:00","twitter_card":"summary_large_image","twitter_misc":{"Gesch\u00e4tzte Lesezeit":"1\u00a0Minute"},"schema":{"@context":"https:\/\/schema.org","@graph":[{"@type":"WebPage","@id":"https:\/\/ziil.ch\/?page_id=52","url":"https:\/\/ziil.ch\/?page_id=52","name":"Hardware - Ziil Informatikl\u00f6sungen GmbH","isPartOf":{"@id":"https:\/\/ziil.ch\/#website"},"datePublished":"2021-08-04T09:19:04+00:00","dateModified":"2023-09-19T14:58:49+00:00","breadcrumb":{"@id":"https:\/\/ziil.ch\/?page_id=52#breadcrumb"},"inLanguage":"de","potentialAction":[{"@type":"ReadAction","target":["https:\/\/ziil.ch\/?page_id=52"]}]},{"@type":"BreadcrumbList","@id":"https:\/\/ziil.ch\/?page_id=52#breadcrumb","itemListElement":[{"@type":"ListItem","position":1,"name":"Startseite","item":"https:\/\/ziil.ch\/"},{"@type":"ListItem","position":2,"name":"Hardware"}]},{"@type":"WebSite","@id":"https:\/\/ziil.ch\/#website","url":"https:\/\/ziil.ch\/","name":"Ziil Informatikl\u00f6sungen GmbH","description":"Ziil Informatikl\u00f6sungen GmbH","publisher":{"@id":"https:\/\/ziil.ch\/#organization"},"potentialAction":[{"@type":"SearchAction","target":{"@type":"EntryPoint","urlTemplate":"https:\/\/ziil.ch\/?s={search_term_string}"},"query-input":{"@type":"PropertyValueSpecification","valueRequired":true,"valueName":"search_term_string"}}],"inLanguage":"de"},{"@type":"Organization","@id":"https:\/\/ziil.ch\/#organization","name":"Ziil Informatikl\u00f6sungen GmbH","url":"https:\/\/ziil.ch\/","logo":{"@type":"ImageObject","inLanguage":"de","@id":"https:\/\/ziil.ch\/#\/schema\/logo\/image\/","url":"https:\/\/ziil.ch\/wp-content\/uploads\/2022\/12\/logo_ziil.png","contentUrl":"https:\/\/ziil.ch\/wp-content\/uploads\/2022\/12\/logo_ziil.png","width":260,"height":75,"caption":"Ziil Informatikl\u00f6sungen GmbH"},"image":{"@id":"https:\/\/ziil.ch\/#\/schema\/logo\/image\/"}}]}},"_links":{"self":[{"href":"https:\/\/ziil.ch\/index.php?rest_route=\/wp\/v2\/pages\/52","targetHints":{"allow":["GET"]}}],"collection":[{"href":"https:\/\/ziil.ch\/index.php?rest_route=\/wp\/v2\/pages"}],"about":[{"href":"https:\/\/ziil.ch\/index.php?rest_route=\/wp\/v2\/types\/page"}],"author":[{"embeddable":true,"href":"https:\/\/ziil.ch\/index.php?rest_route=\/wp\/v2\/users\/1"}],"replies":[{"embeddable":true,"href":"https:\/\/ziil.ch\/index.php?rest_route=%2Fwp%2Fv2%2Fcomments&post=52"}],"version-history":[{"count":13,"href":"https:\/\/ziil.ch\/index.php?rest_route=\/wp\/v2\/pages\/52\/revisions"}],"predecessor-version":[{"id":685,"href":"https:\/\/ziil.ch\/index.php?rest_route=\/wp\/v2\/pages\/52\/revisions\/685"}],"wp:attachment":[{"href":"https:\/\/ziil.ch\/index.php?rest_route=%2Fwp%2Fv2%2Fmedia&parent=52"}],"curies":[{"name":"wp","href":"https:\/\/api.w.org\/{rel}","templated":true}]}}