{"id":49,"date":"2021-08-04T09:19:04","date_gmt":"2021-08-04T09:19:04","guid":{"rendered":"https:\/\/neu.ziil.ch\/?page_id=49"},"modified":"2023-12-21T19:21:02","modified_gmt":"2023-12-21T19:21:02","slug":"unternehmen","status":"publish","type":"page","link":"https:\/\/ziil.ch\/?page_id=49","title":{"rendered":"Unternehmen"},"content":{"rendered":"<div data-colibri-id=\"49-c1\" class=\"style-660 style-local-49-c1 position-relative\">\r\n  <!---->\r\n  <div data-colibri-component=\"section\" data-colibri-id=\"49-c2\" id=\"custom\" class=\"h-section h-section-global-spacing d-flex align-items-lg-center align-items-md-center align-items-center style-698 style-local-49-c2 position-relative\">\r\n    <!---->\r\n    <!---->\r\n    <div class=\"h-section-grid-container h-section-boxed-container\">\r\n      <!---->\r\n      <div data-colibri-id=\"49-c3\" class=\"h-row-container gutters-row-lg-2 gutters-row-md-2 gutters-row-0 gutters-row-v-lg-2 gutters-row-v-md-2 gutters-row-v-2 style-699 style-local-49-c3 position-relative\">\r\n        <!---->\r\n        <div class=\"h-row justify-content-lg-center justify-content-md-center justify-content-center align-items-lg-stretch align-items-md-stretch align-items-stretch gutters-col-lg-2 gutters-col-md-2 gutters-col-0 gutters-col-v-lg-2 gutters-col-v-md-2 gutters-col-v-2\">\r\n          <!---->\r\n          <div class=\"h-column h-column-container d-flex h-col-lg-auto h-col-md-auto h-col-auto style-700-outer style-local-49-c4-outer\">\r\n            <div data-colibri-id=\"49-c4\" class=\"d-flex h-flex-basis h-column__inner h-px-lg-2 h-px-md-2 h-px-2 v-inner-lg-2 v-inner-md-2 v-inner-2 style-700 style-local-49-c4 position-relative\">\r\n              <!---->\r\n              <!---->\r\n              <div class=\"w-100 h-y-container h-column__content h-column__v-align flex-basis-100 align-self-lg-start align-self-md-start align-self-start\">\r\n                <!---->\r\n                <div data-colibri-id=\"49-c5\" class=\"h-text h-text-component style-701 style-local-49-c5 position-relative h-element\">\r\n                  <!---->\r\n                  <!---->\r\n                  <div class=\"\">\r\n                    <p>Die Ziil Informatikl\u00f6sungen ist seit 2004 in der IT-Branche t\u00e4tig. Dabei arbeiten wir in den T\u00e4tigkeiten Informatik-Dienstleistung, IT-Systemhaus und Handeln mit Hard- und Software. Wir haben dabei Kunden quer durch alle Branchen und\r\n                      T\u00e4tigkeiten. Die Ziil Informatikl\u00f6sungen kennt sich dabei mit den Betriebssystemen Linux, Windows und Apple sehr gut aus.\r\n                      <br>\r\n                    <\/p>\r\n                  <\/div>\r\n                <\/div>\r\n              <\/div>\r\n            <\/div>\r\n          <\/div>\r\n        <\/div>\r\n      <\/div>\r\n      <div data-colibri-id=\"49-c6\" class=\"h-row-container gutters-row-lg-2 gutters-row-md-2 gutters-row-0 gutters-row-v-lg-2 gutters-row-v-md-2 gutters-row-v-2 style-702 style-local-49-c6 position-relative\">\r\n        <!---->\r\n        <div class=\"h-row justify-content-lg-center justify-content-md-center justify-content-center align-items-lg-stretch align-items-md-stretch align-items-stretch gutters-col-lg-2 gutters-col-md-2 gutters-col-0 gutters-col-v-lg-2 gutters-col-v-md-2 gutters-col-v-2\">\r\n          <!---->\r\n          <div class=\"h-column h-column-container d-flex h-col-lg-auto h-col-md-auto h-col-auto style-703-outer style-local-49-c7-outer\">\r\n            <div data-colibri-id=\"49-c7\" class=\"d-flex h-flex-basis h-column__inner h-px-lg-2 h-px-md-2 h-px-2 v-inner-lg-2 v-inner-md-2 v-inner-2 style-703 style-local-49-c7 position-relative\">\r\n              <!---->\r\n              <!---->\r\n              <div class=\"w-100 h-y-container h-column__content h-column__v-align flex-basis-100 align-self-lg-start align-self-md-start align-self-start\">\r\n                <!---->\r\n                <div data-colibri-id=\"49-c8\" class=\"h-text h-text-component style-704 style-local-49-c8 position-relative h-element\">\r\n                  <!---->\r\n                  <!---->\r\n                  <div class=\"\">\r\n                    <p>Team:\r\n                      <br>\r\n                    <\/p>\r\n                  <\/div>\r\n                <\/div>\r\n              <\/div>\r\n            <\/div>\r\n          <\/div>\r\n        <\/div>\r\n      <\/div>\r\n    <\/div>\r\n  <\/div>\r\n<\/div>","protected":false},"excerpt":{"rendered":"<p>Die Ziil Informatikl\u00f6sungen ist seit 2004 in der IT-Branche t\u00e4tig. Dabei arbeiten wir in den T\u00e4tigkeiten Informatik-Dienstleistung, IT-Systemhaus und Handeln mit Hard- und Software. Wir haben dabei Kunden quer durch alle Branchen und T\u00e4tigkeiten. Die Ziil Informatikl\u00f6sungen kennt sich dabei mit den Betriebssystemen Linux, Windows und Apple sehr gut aus. Team:<\/p>\n","protected":false},"author":1,"featured_media":0,"parent":0,"menu_order":0,"comment_status":"closed","ping_status":"closed","template":"page-templates\/full-width-page.php","meta":{"footnotes":""},"class_list":["post-49","page","type-page","status-publish","hentry"],"yoast_head":"<!-- This site is optimized with the Yoast SEO plugin v25.0 - https:\/\/yoast.com\/wordpress\/plugins\/seo\/ -->\n<title>Unternehmen - Ziil Informatikl\u00f6sungen GmbH<\/title>\n<meta name=\"robots\" content=\"index, follow, max-snippet:-1, max-image-preview:large, max-video-preview:-1\" \/>\n<link rel=\"canonical\" href=\"https:\/\/ziil.ch\/?page_id=49\" \/>\n<meta property=\"og:locale\" content=\"de_DE\" \/>\n<meta property=\"og:type\" content=\"article\" \/>\n<meta property=\"og:title\" content=\"Unternehmen - Ziil Informatikl\u00f6sungen GmbH\" \/>\n<meta property=\"og:description\" content=\"Die Ziil Informatikl\u00f6sungen ist seit 2004 in der IT-Branche t\u00e4tig. Dabei arbeiten wir in den T\u00e4tigkeiten Informatik-Dienstleistung, IT-Systemhaus und Handeln mit Hard- und Software. Wir haben dabei Kunden quer durch alle Branchen und T\u00e4tigkeiten. Die Ziil Informatikl\u00f6sungen kennt sich dabei mit den Betriebssystemen Linux, Windows und Apple sehr gut aus. Team:\" \/>\n<meta property=\"og:url\" content=\"https:\/\/ziil.ch\/?page_id=49\" \/>\n<meta property=\"og:site_name\" content=\"Ziil Informatikl\u00f6sungen GmbH\" \/>\n<meta property=\"article:modified_time\" content=\"2023-12-21T19:21:02+00:00\" \/>\n<meta name=\"twitter:card\" content=\"summary_large_image\" \/>\n<meta name=\"twitter:label1\" content=\"Gesch\u00e4tzte Lesezeit\" \/>\n\t<meta name=\"twitter:data1\" content=\"1\u00a0Minute\" \/>\n<script type=\"application\/ld+json\" class=\"yoast-schema-graph\">{\"@context\":\"https:\/\/schema.org\",\"@graph\":[{\"@type\":\"WebPage\",\"@id\":\"https:\/\/ziil.ch\/?page_id=49\",\"url\":\"https:\/\/ziil.ch\/?page_id=49\",\"name\":\"Unternehmen - Ziil Informatikl\u00f6sungen GmbH\",\"isPartOf\":{\"@id\":\"https:\/\/ziil.ch\/#website\"},\"datePublished\":\"2021-08-04T09:19:04+00:00\",\"dateModified\":\"2023-12-21T19:21:02+00:00\",\"breadcrumb\":{\"@id\":\"https:\/\/ziil.ch\/?page_id=49#breadcrumb\"},\"inLanguage\":\"de\",\"potentialAction\":[{\"@type\":\"ReadAction\",\"target\":[\"https:\/\/ziil.ch\/?page_id=49\"]}]},{\"@type\":\"BreadcrumbList\",\"@id\":\"https:\/\/ziil.ch\/?page_id=49#breadcrumb\",\"itemListElement\":[{\"@type\":\"ListItem\",\"position\":1,\"name\":\"Startseite\",\"item\":\"https:\/\/ziil.ch\/\"},{\"@type\":\"ListItem\",\"position\":2,\"name\":\"Unternehmen\"}]},{\"@type\":\"WebSite\",\"@id\":\"https:\/\/ziil.ch\/#website\",\"url\":\"https:\/\/ziil.ch\/\",\"name\":\"Ziil Informatikl\u00f6sungen GmbH\",\"description\":\"Ziil Informatikl\u00f6sungen GmbH\",\"publisher\":{\"@id\":\"https:\/\/ziil.ch\/#organization\"},\"potentialAction\":[{\"@type\":\"SearchAction\",\"target\":{\"@type\":\"EntryPoint\",\"urlTemplate\":\"https:\/\/ziil.ch\/?s={search_term_string}\"},\"query-input\":{\"@type\":\"PropertyValueSpecification\",\"valueRequired\":true,\"valueName\":\"search_term_string\"}}],\"inLanguage\":\"de\"},{\"@type\":\"Organization\",\"@id\":\"https:\/\/ziil.ch\/#organization\",\"name\":\"Ziil Informatikl\u00f6sungen GmbH\",\"url\":\"https:\/\/ziil.ch\/\",\"logo\":{\"@type\":\"ImageObject\",\"inLanguage\":\"de\",\"@id\":\"https:\/\/ziil.ch\/#\/schema\/logo\/image\/\",\"url\":\"https:\/\/ziil.ch\/wp-content\/uploads\/2022\/12\/logo_ziil.png\",\"contentUrl\":\"https:\/\/ziil.ch\/wp-content\/uploads\/2022\/12\/logo_ziil.png\",\"width\":260,\"height\":75,\"caption\":\"Ziil Informatikl\u00f6sungen GmbH\"},\"image\":{\"@id\":\"https:\/\/ziil.ch\/#\/schema\/logo\/image\/\"}}]}<\/script>\n<!-- \/ Yoast SEO plugin. -->","yoast_head_json":{"title":"Unternehmen - Ziil Informatikl\u00f6sungen GmbH","robots":{"index":"index","follow":"follow","max-snippet":"max-snippet:-1","max-image-preview":"max-image-preview:large","max-video-preview":"max-video-preview:-1"},"canonical":"https:\/\/ziil.ch\/?page_id=49","og_locale":"de_DE","og_type":"article","og_title":"Unternehmen - Ziil Informatikl\u00f6sungen GmbH","og_description":"Die Ziil Informatikl\u00f6sungen ist seit 2004 in der IT-Branche t\u00e4tig. Dabei arbeiten wir in den T\u00e4tigkeiten Informatik-Dienstleistung, IT-Systemhaus und Handeln mit Hard- und Software. Wir haben dabei Kunden quer durch alle Branchen und T\u00e4tigkeiten. Die Ziil Informatikl\u00f6sungen kennt sich dabei mit den Betriebssystemen Linux, Windows und Apple sehr gut aus. Team:","og_url":"https:\/\/ziil.ch\/?page_id=49","og_site_name":"Ziil Informatikl\u00f6sungen GmbH","article_modified_time":"2023-12-21T19:21:02+00:00","twitter_card":"summary_large_image","twitter_misc":{"Gesch\u00e4tzte Lesezeit":"1\u00a0Minute"},"schema":{"@context":"https:\/\/schema.org","@graph":[{"@type":"WebPage","@id":"https:\/\/ziil.ch\/?page_id=49","url":"https:\/\/ziil.ch\/?page_id=49","name":"Unternehmen - Ziil Informatikl\u00f6sungen GmbH","isPartOf":{"@id":"https:\/\/ziil.ch\/#website"},"datePublished":"2021-08-04T09:19:04+00:00","dateModified":"2023-12-21T19:21:02+00:00","breadcrumb":{"@id":"https:\/\/ziil.ch\/?page_id=49#breadcrumb"},"inLanguage":"de","potentialAction":[{"@type":"ReadAction","target":["https:\/\/ziil.ch\/?page_id=49"]}]},{"@type":"BreadcrumbList","@id":"https:\/\/ziil.ch\/?page_id=49#breadcrumb","itemListElement":[{"@type":"ListItem","position":1,"name":"Startseite","item":"https:\/\/ziil.ch\/"},{"@type":"ListItem","position":2,"name":"Unternehmen"}]},{"@type":"WebSite","@id":"https:\/\/ziil.ch\/#website","url":"https:\/\/ziil.ch\/","name":"Ziil Informatikl\u00f6sungen GmbH","description":"Ziil Informatikl\u00f6sungen GmbH","publisher":{"@id":"https:\/\/ziil.ch\/#organization"},"potentialAction":[{"@type":"SearchAction","target":{"@type":"EntryPoint","urlTemplate":"https:\/\/ziil.ch\/?s={search_term_string}"},"query-input":{"@type":"PropertyValueSpecification","valueRequired":true,"valueName":"search_term_string"}}],"inLanguage":"de"},{"@type":"Organization","@id":"https:\/\/ziil.ch\/#organization","name":"Ziil Informatikl\u00f6sungen GmbH","url":"https:\/\/ziil.ch\/","logo":{"@type":"ImageObject","inLanguage":"de","@id":"https:\/\/ziil.ch\/#\/schema\/logo\/image\/","url":"https:\/\/ziil.ch\/wp-content\/uploads\/2022\/12\/logo_ziil.png","contentUrl":"https:\/\/ziil.ch\/wp-content\/uploads\/2022\/12\/logo_ziil.png","width":260,"height":75,"caption":"Ziil Informatikl\u00f6sungen GmbH"},"image":{"@id":"https:\/\/ziil.ch\/#\/schema\/logo\/image\/"}}]}},"_links":{"self":[{"href":"https:\/\/ziil.ch\/index.php?rest_route=\/wp\/v2\/pages\/49","targetHints":{"allow":["GET"]}}],"collection":[{"href":"https:\/\/ziil.ch\/index.php?rest_route=\/wp\/v2\/pages"}],"about":[{"href":"https:\/\/ziil.ch\/index.php?rest_route=\/wp\/v2\/types\/page"}],"author":[{"embeddable":true,"href":"https:\/\/ziil.ch\/index.php?rest_route=\/wp\/v2\/users\/1"}],"replies":[{"embeddable":true,"href":"https:\/\/ziil.ch\/index.php?rest_route=%2Fwp%2Fv2%2Fcomments&post=49"}],"version-history":[{"count":3,"href":"https:\/\/ziil.ch\/index.php?rest_route=\/wp\/v2\/pages\/49\/revisions"}],"predecessor-version":[{"id":563,"href":"https:\/\/ziil.ch\/index.php?rest_route=\/wp\/v2\/pages\/49\/revisions\/563"}],"wp:attachment":[{"href":"https:\/\/ziil.ch\/index.php?rest_route=%2Fwp%2Fv2%2Fmedia&parent=49"}],"curies":[{"name":"wp","href":"https:\/\/api.w.org\/{rel}","templated":true}]}}